{"id":610,"date":"2021-02-09T06:23:41","date_gmt":"2021-02-09T06:23:41","guid":{"rendered":"http:\/\/localhost\/websites\/infinarch_design_studio\/?page_id=610"},"modified":"2024-10-21T10:36:52","modified_gmt":"2024-10-21T10:36:52","slug":"about-us","status":"publish","type":"page","link":"https:\/\/digitalviewindia.in\/demo\/websites\/dr_maulik_patel\/about-us\/","title":{"rendered":"About Us"},"content":{"rendered":"<p>Lorem Ipsum je jednostavno probni tekst koji se koristi u tiskarskoj i slovoslagarskoj industriji. Lorem Ipsum postoji kao industrijski standard jo\u0161 od 16-og stolje\u0107a, kada je nepoznati tiskar uzeo tiskarsku galiju slova i poslo\u017eio ih da bi napravio knjigu s uzorkom tiska. Taj je tekst ne samo pre\u017eivio pet stolje\u0107a, ve\u0107 se i vinuo u svijet elektronskog slovoslagarstva, ostaju\u0107i u su\u0161tini nepromijenjen. Postao je popularan tijekom 1960-ih s pojavom Letraset listova s odlomcima Lorem Ipsum-a, a u skorije vrijeme sa software-om za stolno izdava\u0161tvo kao \u0161to je Aldus PageMaker koji tako\u0111er sadr\u017ei varijante Lorem Ipsum-a.<br \/>\nLorem Ipsum je jednostavno probni tekst koji se koristi u tiskarskoj i slovoslagarskoj industriji. Lorem Ipsum postoji kao industrijski standard jo\u0161 od 16-og stolje\u0107a, kada je nepoznati tiskar uzeo tiskarsku galiju slova i poslo\u017eio ih da bi napravio knjigu s uzorkom tiska. Taj je tekst ne samo pre\u017eivio pet stolje\u0107a, ve\u0107 se i vinuo u svijet elektronskog slovoslagarstva, ostaju\u0107i u su\u0161tini nepromijenjen. Postao je popularan tijekom 1960-ih s pojavom Letraset listova s odlomcima Lorem Ipsum-a, a u skorije vrijeme sa software-om za stolno izdava\u0161tvo kao \u0161to je Aldus PageMaker koji tako\u0111er sadr\u017ei varijante Lorem Ipsum-a.<\/p>\n","protected":false},"excerpt":{"rendered":"<p>Lorem Ipsum je jednostavno probni tekst koji se koristi u tiskarskoj i slovoslagarskoj industriji. Lorem Ipsum postoji kao industrijski standard jo\u0161 od 16-og stolje\u0107a, kada je nepoznati tiskar uzeo tiskarsku galiju slova i poslo\u017eio ih da bi napravio knjigu s uzorkom tiska. Taj je tekst ne samo pre\u017eivio pet stolje\u0107a, ve\u0107 se i vinuo u svijet elektronskog slovoslagarstva, ostaju\u0107i u su\u0161tini nepromijenjen. Postao je popularan tijekom 1960-ih s pojavom Letraset listova s odlomcima Lorem Ipsum-a, a u skorije vrijeme sa software-om za stolno izdava\u0161tvo kao \u0161to je Aldus PageMaker koji tako\u0111er sadr\u017ei varijante Lorem Ipsum-a.<br \/>\nLorem Ipsum je jednostavno probni tekst koji se koristi u tiskarskoj i slovoslagarskoj industriji. Lorem Ipsum postoji kao industrijski standard jo\u0161 od 16-og stolje\u0107a, kada je nepoznati tiskar uzeo tiskarsku galiju slova i poslo\u017eio ih da bi napravio knjigu s uzorkom tiska. Taj je tekst ne samo pre\u017eivio pet stolje\u0107a, ve\u0107 se i vinuo u svijet elektronskog slovoslagarstva, ostaju\u0107i u su\u0161tini nepromijenjen. Postao je popularan tijekom 1960-ih s pojavom Letraset listova s odlomcima Lorem Ipsum-a, a u skorije vrijeme sa software-om za stolno izdava\u0161tvo kao \u0161to je Aldus PageMaker koji tako\u0111er sadr\u017ei varijante Lorem Ipsum-a.<\/p>\n","protected":false},"author":1,"featured_media":885,"parent":0,"menu_order":0,"comment_status":"closed","ping_status":"closed","template":"","meta":[],"_links":{"self":[{"href":"https:\/\/digitalviewindia.in\/demo\/websites\/dr_maulik_patel\/wp-json\/wp\/v2\/pages\/610"}],"collection":[{"href":"https:\/\/digitalviewindia.in\/demo\/websites\/dr_maulik_patel\/wp-json\/wp\/v2\/pages"}],"about":[{"href":"https:\/\/digitalviewindia.in\/demo\/websites\/dr_maulik_patel\/wp-json\/wp\/v2\/types\/page"}],"author":[{"embeddable":true,"href":"https:\/\/digitalviewindia.in\/demo\/websites\/dr_maulik_patel\/wp-json\/wp\/v2\/users\/1"}],"replies":[{"embeddable":true,"href":"https:\/\/digitalviewindia.in\/demo\/websites\/dr_maulik_patel\/wp-json\/wp\/v2\/comments?post=610"}],"version-history":[{"count":14,"href":"https:\/\/digitalviewindia.in\/demo\/websites\/dr_maulik_patel\/wp-json\/wp\/v2\/pages\/610\/revisions"}],"predecessor-version":[{"id":873,"href":"https:\/\/digitalviewindia.in\/demo\/websites\/dr_maulik_patel\/wp-json\/wp\/v2\/pages\/610\/revisions\/873"}],"wp:featuredmedia":[{"embeddable":true,"href":"https:\/\/digitalviewindia.in\/demo\/websites\/dr_maulik_patel\/wp-json\/wp\/v2\/media\/885"}],"wp:attachment":[{"href":"https:\/\/digitalviewindia.in\/demo\/websites\/dr_maulik_patel\/wp-json\/wp\/v2\/media?parent=610"}],"curies":[{"name":"wp","href":"https:\/\/api.w.org\/{rel}","templated":true}]}}